{"id":3025,"date":"2025-01-20T15:25:49","date_gmt":"2025-01-20T14:25:49","guid":{"rendered":"https:\/\/sitasudtrasporti.it\/puglia\/?page_id=3025"},"modified":"2025-01-28T13:29:57","modified_gmt":"2025-01-28T12:29:57","slug":"tessere-per-invalidita","status":"publish","type":"page","link":"https:\/\/sitasudtrasporti.it\/puglia\/tessere-per-invalidita\/","title":{"rendered":"Tessere per Invalidit\u00e0"},"content":{"rendered":"<p><strong>MODALIT\u00c0 DI RILASCIO DELLA NUOVA TESSERA DI RICONOSCIMENTO ELETTRONICA<\/strong><\/p>\n<p><strong><em>Persone con disabilit\u00e0 Gratuit\u00e0 di Viaggio &#8211; Art. 30 c. 3 L.R. 18\/2002<\/em><\/strong><\/p>\n<p>Basta accedere al seguente link: <a href=\"https:\/\/mycard.cotrap.eu\/\">https:\/\/mycard.cotrap.eu\/<\/a> e, conseguentemente procedere con la fase di registrazione per creare un account personale.<\/p>\n<p>Terminata la fase di registrazione, sempre digitando il link <a href=\"https:\/\/mycard.cotrap.eu\/\">https:\/\/mycard.cotrap.eu\/<\/a> sar\u00e0 possibile entrare nella propria area personale inserendo la mail utilizzata nella fase di registrazione, unitamente alla password prescelta.<\/p>\n<p>Entrati all\u2019interno dell\u2019area personale, occorrer\u00e0 selezionare l\u2019opzione \u201c<strong>nuova richiesta<\/strong>\u201d, facendo molta attenzione a scegliere successivamente il vettore di riferimento (ossia l\u2019Azienda che effettua il servizio di vostro interesse, per maggiore ausilio controllare la denominazione indicata sulla parte superiore del biglietto o abbonamento fino ad oggi utilizzato per viaggiare, nel nostro caso Sita Sud).<\/p>\n<p>Dopo aver scelto l\u2019Azienda <strong>Sita Sud Srl<\/strong>, selezionare il tipo tessera tra le seguenti opzioni possibili:<\/p>\n<p>&nbsp;<\/p>\n<ol>\n<li><strong>&#8220;TESSERA PERSONA CON DISABILITA\u2019 + ACCOMPAGNATORE&#8221; <\/strong><em>Tessera elettronica persona con disabilit\u00e0 con accompagnatore, diritto a biglietti di Corsa Semplice giornalieri, sia per la persona con disabilit\u00e0 che per l\u2019accompagnatore &#8211; sono esclusi abbonamenti;<\/em><\/li>\n<\/ol>\n<p><strong>\u00a0<\/strong><\/p>\n<ol start=\"2\">\n<li><strong>&#8220;TESSERA PERSONA CON DISABILITA\u2019 SENZA ACCOMPAGNATORE&#8221; <\/strong><em>Tessera elettronica persona con disabilit\u00e0, diritto a biglietti di Corsa Semplice giornalieri &#8211; senza accompagnatore, sono esclusi abbonamenti;<\/em><\/li>\n<\/ol>\n<p><strong>\u00a0<\/strong><\/p>\n<ol start=\"3\">\n<li><strong>&#8220;TESSERA PERSONA CON DISABILITA\u2019 PER ABBONAMENTI + ACCOMPAGNATORE&#8221; <\/strong><em>Tessera elettronica persona con disabilit\u00e0 con accompagnatore, solo per abbonamenti settimanali o mensili, di cui uno per la persona con disabilit\u00e0 e uno per l\u2019accompagnatore;\u00a0<\/em><\/li>\n<\/ol>\n<p><strong>\u00a0<\/strong><\/p>\n<ol start=\"4\">\n<li><strong>&#8220;TESSERA PERSONA CON DISABILITA\u2019 PER ABBONAMENTI (SENZA ACCOMPAGNATORE)&#8221; <\/strong><em>Tessera elettronica persona con disabilit\u00e0, solo per singoli abbonamenti settimanali o unico mensile &#8211; senza accompagnatore.<\/em><\/li>\n<\/ol>\n<p>&nbsp;<\/p>\n<p>In rapporto alla tipologia di tessera selezionata occorre effettuare il caricamento online dei file corrispondenti ai documenti necessari per consentire le operazioni di verifica da parte del personale aziendale. Le <strong>CERTIFICAZIONI NECESSARIE<\/strong> in rapporto alla tessera scelta sono le seguenti:<\/p>\n<ul>\n<li>&#8220;<strong>Certificazione di invalidit\u00e0<\/strong>&#8221; (allegato obbligatorio per tutte le richieste invalidi) corrispondente alla documentazione che certifica lo stato di invalidit\u00e0&#8221; ricordando che hanno diritto alla gratuit\u00e0 solo le seguenti categorie di persone:<\/li>\n<\/ul>\n<ol>\n<li><em>persone prive di vista per cecit\u00e0 assoluta o con residuo visivo non superiore a un decimo in entrambi gli occhi con eventuale correzione e loro eventuali accompagnatori se ne \u00e8 riconosciuto il diritto;<\/em><\/li>\n<li><em>persone disabili di guerra, civili di guerra e per servizio, iscritti alla prima, seconda e terza categoria della tabella A) allegata alla legge 18 marzo 1968, n. 113 e successive modificazioni, e loro eventuali accompagnatori se ne \u00e8 riconosciuto il diritto;<\/em><\/li>\n<li><em>persone disabili civili e portatori di handicap certificati dall&#8217;autorit\u00e0 competente, ai quali sia stata accertata una invalidit\u00e0 in misura non inferiore all&#8217;80% e loro eventuali accompagnatori se ne \u00e8 riconosciuto il diritto;<\/em><\/li>\n<li><em>persone con disabilit\u00e0 del lavoro certificati dall&#8217;autorit\u00e0 competente, ai quali sia stata accertata una invalidit\u00e0 in misura non inferiore al 70%.<\/em><\/li>\n<\/ol>\n<ul>\n<li>&#8220;<strong>Attestato di frequenza scolastica o di servizio<\/strong>&#8221; (allegato obbligatorio per le richieste di persone con disabilit\u00e0 aventi diritto all\u2019abbonamento) corrispondente alla documentazione che certifica la frequenza scolastica\/universitaria o lo stato di servizio lavorativo&#8221;.<\/li>\n<\/ul>\n<p>Dopo aver compilato ogni campo del modulo online e aver caricato tutti i documenti necessari (upload foto, carta di identit\u00e0, e attestazioni in precedenza dettagliate) il sistema generer\u00e0 una mail certificante la creazione di una nuova richiesta di tesseramento. <strong>Attenzione, questa mail non abilita in alcun modo a viaggiare, per cui \u00e8 necessario disporre sempre di titoli di viaggio.<\/strong><\/p>\n<p>Da questo momento, parte l\u2019istruttoria di verifica dei requisiti a cura del personale aziendale dedicato al controllo. Terminata questa fase con esito favorevole, il richiedente riceve sulla mail indicata in fase di registrazione una ricevuta provvisoria (contenente gi\u00e0 il numero della tessera) che dovr\u00e0 essere presentata in agenzia per richiedere il\/i titolo\/i di viaggio, o l\u2019abbonamento\/i mensile o settimanale, nell\u2019attesa che pervenga direttamente presso il domicilio la tessera in formato elettronico che andr\u00e0 a sostituire integralmente quella provvisoria in formato cartaceo.<\/p>\n<p>\u00c8 bene ricordare che, <strong>sia la ricevuta che la tessera, non abilitano in alcun modo a viaggiare se non accompagnati dal titolo di viaggio di corsa semplice o abbonamento.<\/strong><\/p>\n<p>Inoltre, ricordiamo che qualsiasi richiesta di assistenza potr\u00e0 essere rivolta al numero dedicato: <strong>080\/8647090<\/strong> o attraverso l\u2019uso della casella di posta elettronica <a href=\"mailto:assistenza@mycard.cotrap.eu\">assistenza@mycard.cotrap.eu<\/a>, esclusivamente per quanto attiene la compilazione del modulo online.<\/p>\n<p>Gli operatori risponderanno dalle ore 09:00 alle ore 17:00 dei giorni feriali escluso il sabato.<\/p>\n<p>&nbsp;<\/p>\n<div style=\"text-align: center;margin-bottom: 10px\">\n<p>PER UN ULTERIORE AIUTO VISUALIZZA IL VIDEO<\/p>\n<\/div>\n<div style=\"text-align: center\">\n<p><iframe loading=\"lazy\" title=\"TESSERA INVALIDITA&#039; SITA\" width=\"500\" height=\"281\" src=\"https:\/\/www.youtube.com\/embed\/nW-VOQk8jTc?feature=oembed\" frameborder=\"0\" allow=\"accelerometer; autoplay; clipboard-write; encrypted-media; gyroscope; picture-in-picture; web-share\" referrerpolicy=\"strict-origin-when-cross-origin\" allowfullscreen><\/iframe><\/p>\n<\/div>\n","protected":false},"excerpt":{"rendered":"<p>MODALIT\u00c0 DI RILASCIO DELLA NUOVA TESSERA DI RICONOSCIMENTO ELETTRONICA Persone con disabilit\u00e0 Gratuit\u00e0 di Viaggio &#8211; Art. 30 c. 3 [&hellip;]<\/p>\n","protected":false},"author":4,"featured_media":0,"parent":0,"menu_order":0,"comment_status":"closed","ping_status":"closed","template":"","meta":{"_acf_changed":false,"inline_featured_image":false,"footnotes":""},"class_list":["post-3025","page","type-page","status-publish","hentry"],"acf":[],"yoast_head":"<!-- This site is optimized with the Yoast SEO plugin v22.5 - https:\/\/yoast.com\/wordpress\/plugins\/seo\/ -->\n<title>Tessere per Invalidit\u00e0 - Puglia<\/title>\n<meta name=\"robots\" content=\"index, follow, max-snippet:-1, max-image-preview:large, max-video-preview:-1\" \/>\n<link rel=\"canonical\" href=\"https:\/\/sitasudtrasporti.it\/puglia\/tessere-per-invalidita\/\" \/>\n<meta property=\"og:locale\" content=\"it_IT\" \/>\n<meta property=\"og:type\" content=\"article\" \/>\n<meta property=\"og:title\" content=\"Tessere per Invalidit\u00e0 - Puglia\" \/>\n<meta property=\"og:description\" content=\"MODALIT\u00c0 DI RILASCIO DELLA NUOVA TESSERA DI RICONOSCIMENTO ELETTRONICA Persone con disabilit\u00e0 Gratuit\u00e0 di Viaggio &#8211; Art. 30 c. 3 [&hellip;]\" \/>\n<meta property=\"og:url\" content=\"https:\/\/sitasudtrasporti.it\/puglia\/tessere-per-invalidita\/\" \/>\n<meta property=\"og:site_name\" content=\"Puglia\" \/>\n<meta property=\"article:publisher\" content=\"https:\/\/www.facebook.com\/s.trasporti\" \/>\n<meta property=\"article:modified_time\" content=\"2025-01-28T12:29:57+00:00\" \/>\n<meta name=\"twitter:card\" content=\"summary_large_image\" \/>\n<meta name=\"twitter:site\" content=\"@SitaSudsrl\" \/>\n<meta name=\"twitter:label1\" content=\"Tempo di lettura stimato\" \/>\n\t<meta name=\"twitter:data1\" content=\"4 minuti\" \/>\n<script type=\"application\/ld+json\" class=\"yoast-schema-graph\">{\"@context\":\"https:\/\/schema.org\",\"@graph\":[{\"@type\":\"WebPage\",\"@id\":\"https:\/\/sitasudtrasporti.it\/puglia\/tessere-per-invalidita\/\",\"url\":\"https:\/\/sitasudtrasporti.it\/puglia\/tessere-per-invalidita\/\",\"name\":\"Tessere per Invalidit\u00e0 - Puglia\",\"isPartOf\":{\"@id\":\"https:\/\/sitasudtrasporti.it\/puglia\/#website\"},\"datePublished\":\"2025-01-20T14:25:49+00:00\",\"dateModified\":\"2025-01-28T12:29:57+00:00\",\"breadcrumb\":{\"@id\":\"https:\/\/sitasudtrasporti.it\/puglia\/tessere-per-invalidita\/#breadcrumb\"},\"inLanguage\":\"it-IT\",\"potentialAction\":[{\"@type\":\"ReadAction\",\"target\":[\"https:\/\/sitasudtrasporti.it\/puglia\/tessere-per-invalidita\/\"]}]},{\"@type\":\"BreadcrumbList\",\"@id\":\"https:\/\/sitasudtrasporti.it\/puglia\/tessere-per-invalidita\/#breadcrumb\",\"itemListElement\":[{\"@type\":\"ListItem\",\"position\":1,\"name\":\"Home\",\"item\":\"https:\/\/sitasudtrasporti.it\/puglia\/\"},{\"@type\":\"ListItem\",\"position\":2,\"name\":\"Tessere per Invalidit\u00e0\"}]},{\"@type\":\"WebSite\",\"@id\":\"https:\/\/sitasudtrasporti.it\/puglia\/#website\",\"url\":\"https:\/\/sitasudtrasporti.it\/puglia\/\",\"name\":\"Sita Sud Puglia\",\"description\":\"\",\"publisher\":{\"@id\":\"https:\/\/sitasudtrasporti.it\/puglia\/#organization\"},\"potentialAction\":[{\"@type\":\"SearchAction\",\"target\":{\"@type\":\"EntryPoint\",\"urlTemplate\":\"https:\/\/sitasudtrasporti.it\/puglia\/?s={search_term_string}\"},\"query-input\":\"required name=search_term_string\"}],\"inLanguage\":\"it-IT\"},{\"@type\":\"Organization\",\"@id\":\"https:\/\/sitasudtrasporti.it\/puglia\/#organization\",\"name\":\"Sita Sud Puglia\",\"url\":\"https:\/\/sitasudtrasporti.it\/puglia\/\",\"logo\":{\"@type\":\"ImageObject\",\"inLanguage\":\"it-IT\",\"@id\":\"https:\/\/sitasudtrasporti.it\/puglia\/#\/schema\/logo\/image\/\",\"url\":\"https:\/\/sitasudtrasporti.it\/puglia\/wp-content\/uploads\/sites\/2\/2023\/12\/cropped-Sita-logo.png\",\"contentUrl\":\"https:\/\/sitasudtrasporti.it\/puglia\/wp-content\/uploads\/sites\/2\/2023\/12\/cropped-Sita-logo.png\",\"width\":244,\"height\":78,\"caption\":\"Sita Sud Puglia\"},\"image\":{\"@id\":\"https:\/\/sitasudtrasporti.it\/puglia\/#\/schema\/logo\/image\/\"},\"sameAs\":[\"https:\/\/www.facebook.com\/s.trasporti\",\"https:\/\/x.com\/SitaSudsrl\"]}]}<\/script>\n<!-- \/ Yoast SEO plugin. -->","yoast_head_json":{"title":"Tessere per Invalidit\u00e0 - Puglia","robots":{"index":"index","follow":"follow","max-snippet":"max-snippet:-1","max-image-preview":"max-image-preview:large","max-video-preview":"max-video-preview:-1"},"canonical":"https:\/\/sitasudtrasporti.it\/puglia\/tessere-per-invalidita\/","og_locale":"it_IT","og_type":"article","og_title":"Tessere per Invalidit\u00e0 - Puglia","og_description":"MODALIT\u00c0 DI RILASCIO DELLA NUOVA TESSERA DI RICONOSCIMENTO ELETTRONICA Persone con disabilit\u00e0 Gratuit\u00e0 di Viaggio &#8211; Art. 30 c. 3 [&hellip;]","og_url":"https:\/\/sitasudtrasporti.it\/puglia\/tessere-per-invalidita\/","og_site_name":"Puglia","article_publisher":"https:\/\/www.facebook.com\/s.trasporti","article_modified_time":"2025-01-28T12:29:57+00:00","twitter_card":"summary_large_image","twitter_site":"@SitaSudsrl","twitter_misc":{"Tempo di lettura stimato":"4 minuti"},"schema":{"@context":"https:\/\/schema.org","@graph":[{"@type":"WebPage","@id":"https:\/\/sitasudtrasporti.it\/puglia\/tessere-per-invalidita\/","url":"https:\/\/sitasudtrasporti.it\/puglia\/tessere-per-invalidita\/","name":"Tessere per Invalidit\u00e0 - Puglia","isPartOf":{"@id":"https:\/\/sitasudtrasporti.it\/puglia\/#website"},"datePublished":"2025-01-20T14:25:49+00:00","dateModified":"2025-01-28T12:29:57+00:00","breadcrumb":{"@id":"https:\/\/sitasudtrasporti.it\/puglia\/tessere-per-invalidita\/#breadcrumb"},"inLanguage":"it-IT","potentialAction":[{"@type":"ReadAction","target":["https:\/\/sitasudtrasporti.it\/puglia\/tessere-per-invalidita\/"]}]},{"@type":"BreadcrumbList","@id":"https:\/\/sitasudtrasporti.it\/puglia\/tessere-per-invalidita\/#breadcrumb","itemListElement":[{"@type":"ListItem","position":1,"name":"Home","item":"https:\/\/sitasudtrasporti.it\/puglia\/"},{"@type":"ListItem","position":2,"name":"Tessere per Invalidit\u00e0"}]},{"@type":"WebSite","@id":"https:\/\/sitasudtrasporti.it\/puglia\/#website","url":"https:\/\/sitasudtrasporti.it\/puglia\/","name":"Sita Sud Puglia","description":"","publisher":{"@id":"https:\/\/sitasudtrasporti.it\/puglia\/#organization"},"potentialAction":[{"@type":"SearchAction","target":{"@type":"EntryPoint","urlTemplate":"https:\/\/sitasudtrasporti.it\/puglia\/?s={search_term_string}"},"query-input":"required name=search_term_string"}],"inLanguage":"it-IT"},{"@type":"Organization","@id":"https:\/\/sitasudtrasporti.it\/puglia\/#organization","name":"Sita Sud Puglia","url":"https:\/\/sitasudtrasporti.it\/puglia\/","logo":{"@type":"ImageObject","inLanguage":"it-IT","@id":"https:\/\/sitasudtrasporti.it\/puglia\/#\/schema\/logo\/image\/","url":"https:\/\/sitasudtrasporti.it\/puglia\/wp-content\/uploads\/sites\/2\/2023\/12\/cropped-Sita-logo.png","contentUrl":"https:\/\/sitasudtrasporti.it\/puglia\/wp-content\/uploads\/sites\/2\/2023\/12\/cropped-Sita-logo.png","width":244,"height":78,"caption":"Sita Sud Puglia"},"image":{"@id":"https:\/\/sitasudtrasporti.it\/puglia\/#\/schema\/logo\/image\/"},"sameAs":["https:\/\/www.facebook.com\/s.trasporti","https:\/\/x.com\/SitaSudsrl"]}]}},"_links":{"self":[{"href":"https:\/\/sitasudtrasporti.it\/puglia\/wp-json\/wp\/v2\/pages\/3025","targetHints":{"allow":["GET"]}}],"collection":[{"href":"https:\/\/sitasudtrasporti.it\/puglia\/wp-json\/wp\/v2\/pages"}],"about":[{"href":"https:\/\/sitasudtrasporti.it\/puglia\/wp-json\/wp\/v2\/types\/page"}],"author":[{"embeddable":true,"href":"https:\/\/sitasudtrasporti.it\/puglia\/wp-json\/wp\/v2\/users\/4"}],"replies":[{"embeddable":true,"href":"https:\/\/sitasudtrasporti.it\/puglia\/wp-json\/wp\/v2\/comments?post=3025"}],"version-history":[{"count":10,"href":"https:\/\/sitasudtrasporti.it\/puglia\/wp-json\/wp\/v2\/pages\/3025\/revisions"}],"predecessor-version":[{"id":3046,"href":"https:\/\/sitasudtrasporti.it\/puglia\/wp-json\/wp\/v2\/pages\/3025\/revisions\/3046"}],"wp:attachment":[{"href":"https:\/\/sitasudtrasporti.it\/puglia\/wp-json\/wp\/v2\/media?parent=3025"}],"curies":[{"name":"wp","href":"https:\/\/api.w.org\/{rel}","templated":true}]}}